{"id":39,"date":"2024-11-15T08:03:33","date_gmt":"2024-11-15T08:03:33","guid":{"rendered":"http:\/\/palaroller.local\/?page_id=39"},"modified":"2025-01-22T11:42:26","modified_gmt":"2025-01-22T10:42:26","slug":"chi-siamo","status":"publish","type":"page","link":"https:\/\/www.rock-your-team.ch\/it\/chi-siamo\/","title":{"rendered":"Chi siamo"},"content":{"rendered":"\n<div class=\"wp-block-group ggwd-sezione has-global-padding is-layout-constrained wp-block-group-is-layout-constrained\" style=\"padding-top:100px;padding-bottom:4vh\">\n<figure class=\"wp-block-image size-full nascosto-mobile\"><img loading=\"lazy\" decoding=\"async\" width=\"1546\" height=\"204\" src=\"https:\/\/www.rock-your-team.ch\/wp-content\/uploads\/2024\/12\/Screenshot-2024-12-13-alle-15.53.46.png\" alt=\"\" class=\"wp-image-1031\" srcset=\"https:\/\/www.rock-your-team.ch\/wp-content\/uploads\/2024\/12\/Screenshot-2024-12-13-alle-15.53.46.png 1546w, https:\/\/www.rock-your-team.ch\/wp-content\/uploads\/2024\/12\/Screenshot-2024-12-13-alle-15.53.46-300x40.png 300w, https:\/\/www.rock-your-team.ch\/wp-content\/uploads\/2024\/12\/Screenshot-2024-12-13-alle-15.53.46-1024x135.png 1024w, https:\/\/www.rock-your-team.ch\/wp-content\/uploads\/2024\/12\/Screenshot-2024-12-13-alle-15.53.46-768x101.png 768w, https:\/\/www.rock-your-team.ch\/wp-content\/uploads\/2024\/12\/Screenshot-2024-12-13-alle-15.53.46-1536x203.png 1536w\" sizes=\"auto, (max-width: 1546px) 100vw, 1546px\" \/><\/figure>\n\n\n\n<figure class=\"wp-block-image size-full nascosto-desktop nascosto-tablet\"><img loading=\"lazy\" decoding=\"async\" width=\"590\" height=\"248\" src=\"https:\/\/www.rock-your-team.ch\/wp-content\/uploads\/2024\/12\/Screenshot-2024-12-13-alle-17.05.45.png\" alt=\"\" class=\"wp-image-1062\" srcset=\"https:\/\/www.rock-your-team.ch\/wp-content\/uploads\/2024\/12\/Screenshot-2024-12-13-alle-17.05.45.png 590w, https:\/\/www.rock-your-team.ch\/wp-content\/uploads\/2024\/12\/Screenshot-2024-12-13-alle-17.05.45-300x126.png 300w\" sizes=\"auto, (max-width: 590px) 100vw, 590px\" \/><\/figure>\n<\/div>\n\n\n\n<div class=\"wp-block-group ggwd-sezione has-global-padding is-layout-constrained wp-block-group-is-layout-constrained\" style=\"padding-top:0vh;padding-bottom:0vh\">\n<div class=\"wp-block-columns are-vertically-aligned-center is-style-default is-layout-flex wp-container-core-columns-is-layout-28f84493 wp-block-columns-is-layout-flex\">\n<div class=\"wp-block-column is-vertically-aligned-center is-layout-flow wp-block-column-is-layout-flow\">\n<figure class=\"wp-block-image aligncenter size-full is-resized is-style-width-100\"><img loading=\"lazy\" decoding=\"async\" width=\"1426\" height=\"1585\" src=\"https:\/\/www.rock-your-team.ch\/wp-content\/uploads\/2024\/12\/Raggruppa-6663.png\" alt=\"\" class=\"wp-image-1141\" style=\"aspect-ratio:3\/4;object-fit:cover;width:400px\" srcset=\"https:\/\/www.rock-your-team.ch\/wp-content\/uploads\/2024\/12\/Raggruppa-6663.png 1426w, https:\/\/www.rock-your-team.ch\/wp-content\/uploads\/2024\/12\/Raggruppa-6663-270x300.png 270w, https:\/\/www.rock-your-team.ch\/wp-content\/uploads\/2024\/12\/Raggruppa-6663-921x1024.png 921w, https:\/\/www.rock-your-team.ch\/wp-content\/uploads\/2024\/12\/Raggruppa-6663-768x854.png 768w, https:\/\/www.rock-your-team.ch\/wp-content\/uploads\/2024\/12\/Raggruppa-6663-1382x1536.png 1382w\" sizes=\"auto, (max-width: 1426px) 100vw, 1426px\" \/><\/figure>\n\n\n\n<div style=\"height:4vh\" aria-hidden=\"true\" class=\"wp-block-spacer\"><\/div>\n<\/div>\n\n\n\n<div class=\"wp-block-column is-vertically-aligned-center is-style-colonna-negative is-layout-flow wp-block-column-is-layout-flow\">\n<h2 class=\"wp-block-heading has-custom-quattro-color has-text-color has-link-color has-titolo-grande-alt-font-size wp-elements-7929027547fa3842e56eb687e805ebd6\">SANDRO<br><mark style=\"background-color:rgba(0, 0, 0, 0)\" class=\"has-inline-color has-custom-due-color\">SCHNEEBELI<\/mark><\/h2>\n\n\n\n<h3 class=\"wp-block-heading has-titolo-medio-font-size\">GUITAR | CO-IDEATORE DI ROCK YOUR TEAM<\/h3>\n\n\n\n<p class=\"\">Sandro Schneebeli \u00e8 chitarrista, compositore e produttore. Ha suonato in tutto il mondo portando la sua musica a vari festival internazionali rappresentando la Svizzera in collaborazione con le Ambasciate Elvetiche. Ha prodotto pi\u00f9 di 20 CD e creato musica per teatro e documentari. \u00c8 stato nominato per lo Swiss Jazz Award 2012, ed \u00e8 considerato uno dei musicisti pi\u00f9 interessanti della scena musicale Svizzera.<\/p>\n\n\n\n<p class=\"has-custom-quattro-color has-text-color has-link-color has-paragrafo-grande-font-size wp-elements-8625636119a39df379a311f1a8d34efe\"><strong><a href=\"http:\/\/www.sandroschneebeli.ch\" target=\"_blank\" rel=\"noreferrer noopener\">www.sandroschneebeli.ch<\/a><\/strong><\/p>\n\n\n\n<ul class=\"wp-block-social-links has-icon-color is-style-logos-only is-layout-flex wp-block-social-links-is-layout-flex\"><li style=\"color:#efaf00;\" class=\"wp-social-link wp-social-link-linkedin has-custom-quattro-color wp-block-social-link\"><a rel=\"noopener nofollow\" target=\"_blank\" href=\"https:\/\/www.linkedin.com\/in\/sandro-schneebeli-664146204\/\" class=\"wp-block-social-link-anchor\"><svg width=\"24\" height=\"24\" viewBox=\"0 0 24 24\" version=\"1.1\" xmlns=\"http:\/\/www.w3.org\/2000\/svg\" aria-hidden=\"true\" focusable=\"false\"><path d=\"M19.7,3H4.3C3.582,3,3,3.582,3,4.3v15.4C3,20.418,3.582,21,4.3,21h15.4c0.718,0,1.3-0.582,1.3-1.3V4.3 C21,3.582,20.418,3,19.7,3z M8.339,18.338H5.667v-8.59h2.672V18.338z M7.004,8.574c-0.857,0-1.549-0.694-1.549-1.548 c0-0.855,0.691-1.548,1.549-1.548c0.854,0,1.547,0.694,1.547,1.548C8.551,7.881,7.858,8.574,7.004,8.574z M18.339,18.338h-2.669 v-4.177c0-0.996-0.017-2.278-1.387-2.278c-1.389,0-1.601,1.086-1.601,2.206v4.249h-2.667v-8.59h2.559v1.174h0.037 c0.356-0.675,1.227-1.387,2.526-1.387c2.703,0,3.203,1.779,3.203,4.092V18.338z\"><\/path><\/svg><span class=\"wp-block-social-link-label screen-reader-text\">LinkedIn<\/span><\/a><\/li><\/ul>\n<\/div>\n<\/div>\n\n\n\n<div class=\"wp-block-columns are-vertically-aligned-center is-style-invert-columns-mobile is-layout-flex wp-container-core-columns-is-layout-28f84493 wp-block-columns-is-layout-flex\">\n<div class=\"wp-block-column is-vertically-aligned-center is-style-colonna-negative is-layout-flow wp-block-column-is-layout-flow\">\n<h2 class=\"wp-block-heading has-custom-quattro-color has-text-color has-link-color has-titolo-grande-alt-font-size wp-elements-d9307788b882939dfe6ea2e042ee6234\">STEPHAN<br><mark style=\"background-color:rgba(0, 0, 0, 0)\" class=\"has-inline-color has-custom-due-color\">RIGERT<\/mark><\/h2>\n\n\n\n<h3 class=\"wp-block-heading has-titolo-medio-font-size\">PERCUSSIONS | CO-IDEATORE DI ROCK YOUR TEAM<\/h3>\n\n\n\n<p class=\"\">Stephan Rigert \u00e8 un musicista e produttore svizzero innovativo. Ha scritto otto manuali didattici e ha insegnato presso conservatori di musica. Con i suoi progetti \u201cTalking-Drums\u201d, dal 1985 si esibisce in tourn\u00e9e in Europa insieme a celebri artisti provenienti da tutto il mondo. Circa 20 anni fa ha fondato \u201cDrumevents\u201d e da allora ha condotto circa 1300 workshop di team building con gruppi composti da 6 a 1000 persone.<\/p>\n\n\n\n<p class=\"has-custom-quattro-color has-text-color has-link-color has-paragrafo-grande-font-size wp-elements-29ad398e759830f505c8c53fd4985d02\"><strong><a href=\"http:\/\/www.drumevents.ch\" target=\"_blank\" rel=\"noreferrer noopener\">www.drumevents.ch<\/a><\/strong><\/p>\n<\/div>\n\n\n\n<div class=\"wp-block-column is-vertically-aligned-center is-layout-flow wp-block-column-is-layout-flow\">\n<figure class=\"wp-block-image aligncenter size-full is-resized is-style-width-100\"><img loading=\"lazy\" decoding=\"async\" width=\"1426\" height=\"1584\" src=\"https:\/\/www.rock-your-team.ch\/wp-content\/uploads\/2024\/12\/Raggruppa-6664.png\" alt=\"\" class=\"wp-image-1142\" style=\"aspect-ratio:3\/4;object-fit:cover;width:400px\" srcset=\"https:\/\/www.rock-your-team.ch\/wp-content\/uploads\/2024\/12\/Raggruppa-6664.png 1426w, https:\/\/www.rock-your-team.ch\/wp-content\/uploads\/2024\/12\/Raggruppa-6664-270x300.png 270w, https:\/\/www.rock-your-team.ch\/wp-content\/uploads\/2024\/12\/Raggruppa-6664-922x1024.png 922w, https:\/\/www.rock-your-team.ch\/wp-content\/uploads\/2024\/12\/Raggruppa-6664-768x853.png 768w, https:\/\/www.rock-your-team.ch\/wp-content\/uploads\/2024\/12\/Raggruppa-6664-1383x1536.png 1383w\" sizes=\"auto, (max-width: 1426px) 100vw, 1426px\" \/><\/figure>\n\n\n\n<div style=\"height:4vh\" aria-hidden=\"true\" class=\"wp-block-spacer\"><\/div>\n<\/div>\n<\/div>\n\n\n\n<div class=\"wp-block-columns are-vertically-aligned-center is-style-default is-layout-flex wp-container-core-columns-is-layout-28f84493 wp-block-columns-is-layout-flex\">\n<div class=\"wp-block-column is-vertically-aligned-center is-layout-flow wp-block-column-is-layout-flow\">\n<figure class=\"wp-block-image aligncenter size-full is-resized is-style-width-100\"><img loading=\"lazy\" decoding=\"async\" width=\"1426\" height=\"1584\" src=\"https:\/\/www.rock-your-team.ch\/wp-content\/uploads\/2024\/12\/Raggruppa-6666.png\" alt=\"\" class=\"wp-image-1143\" style=\"aspect-ratio:3\/4;object-fit:cover;width:400px\" srcset=\"https:\/\/www.rock-your-team.ch\/wp-content\/uploads\/2024\/12\/Raggruppa-6666.png 1426w, https:\/\/www.rock-your-team.ch\/wp-content\/uploads\/2024\/12\/Raggruppa-6666-270x300.png 270w, https:\/\/www.rock-your-team.ch\/wp-content\/uploads\/2024\/12\/Raggruppa-6666-922x1024.png 922w, https:\/\/www.rock-your-team.ch\/wp-content\/uploads\/2024\/12\/Raggruppa-6666-768x853.png 768w, https:\/\/www.rock-your-team.ch\/wp-content\/uploads\/2024\/12\/Raggruppa-6666-1383x1536.png 1383w\" sizes=\"auto, (max-width: 1426px) 100vw, 1426px\" \/><\/figure>\n\n\n\n<div style=\"height:4vh\" aria-hidden=\"true\" class=\"wp-block-spacer\"><\/div>\n<\/div>\n\n\n\n<div class=\"wp-block-column is-vertically-aligned-center is-style-colonna-negative is-layout-flow wp-block-column-is-layout-flow\">\n<h2 class=\"wp-block-heading has-custom-quattro-color has-text-color has-link-color has-titolo-grande-alt-font-size wp-elements-ffe6406a6c33e4d8123a9319c06bb334\">MANUEL<br><mark style=\"background-color:rgba(0, 0, 0, 0)\" class=\"has-inline-color has-custom-due-color\">SIEBS<\/mark><\/h2>\n\n\n\n<h3 class=\"wp-block-heading has-titolo-medio-font-size\">PERCUSSIONS<\/h3>\n\n\n\n<p class=\"\">Manuel Siebs \u00e8 un virtuoso percussionista svizzero e un appassionato pedagogo. Ha studiato percussioni africane con maestri di tamburo in Senegal e ha conseguito due master presso il Conservatorio di Lucerna e l\u2019Universit\u00e0 delle Arti di Zurigo. Si \u00e8 esibito dal vivo e in studio con band di diversi generi musicali e lavora come coach per eventi presso \u201cDrumevents\u201d e \u201cRock Your Team\u201d.<\/p>\n\n\n\n<p class=\"has-custom-quattro-color has-text-color has-link-color has-paragrafo-grande-font-size wp-elements-12d2926cd7a786390633a906f7d84d29\"><strong><a href=\"http:\/\/www.manuelsiebs.ch\" target=\"_blank\" rel=\"noreferrer noopener\">www.manuelsiebs.ch<\/a><\/strong><\/p>\n\n\n\n<ul class=\"wp-block-social-links has-icon-color is-style-logos-only is-layout-flex wp-block-social-links-is-layout-flex\"><li style=\"color:#efaf00;\" class=\"wp-social-link wp-social-link-linkedin has-custom-quattro-color wp-block-social-link\"><a rel=\"noopener nofollow\" target=\"_blank\" href=\"https:\/\/www.linkedin.com\/in\/manuel-siebs-297919185\/\" class=\"wp-block-social-link-anchor\"><svg width=\"24\" height=\"24\" viewBox=\"0 0 24 24\" version=\"1.1\" xmlns=\"http:\/\/www.w3.org\/2000\/svg\" aria-hidden=\"true\" focusable=\"false\"><path d=\"M19.7,3H4.3C3.582,3,3,3.582,3,4.3v15.4C3,20.418,3.582,21,4.3,21h15.4c0.718,0,1.3-0.582,1.3-1.3V4.3 C21,3.582,20.418,3,19.7,3z M8.339,18.338H5.667v-8.59h2.672V18.338z M7.004,8.574c-0.857,0-1.549-0.694-1.549-1.548 c0-0.855,0.691-1.548,1.549-1.548c0.854,0,1.547,0.694,1.547,1.548C8.551,7.881,7.858,8.574,7.004,8.574z M18.339,18.338h-2.669 v-4.177c0-0.996-0.017-2.278-1.387-2.278c-1.389,0-1.601,1.086-1.601,2.206v4.249h-2.667v-8.59h2.559v1.174h0.037 c0.356-0.675,1.227-1.387,2.526-1.387c2.703,0,3.203,1.779,3.203,4.092V18.338z\"><\/path><\/svg><span class=\"wp-block-social-link-label screen-reader-text\">LinkedIn<\/span><\/a><\/li><\/ul>\n<\/div>\n<\/div>\n\n\n\n<div class=\"wp-block-columns are-vertically-aligned-center is-style-invert-columns-mobile is-layout-flex wp-container-core-columns-is-layout-28f84493 wp-block-columns-is-layout-flex\">\n<div class=\"wp-block-column is-vertically-aligned-center is-style-colonna-negative is-layout-flow wp-block-column-is-layout-flow\">\n<h2 class=\"wp-block-heading has-custom-quattro-color has-text-color has-link-color has-titolo-grande-alt-font-size wp-elements-c877ad70cc75950b5cc0a3db67f2f852\">CHIARA <br><mark style=\"background-color:rgba(0, 0, 0, 0)\" class=\"has-inline-color has-custom-due-color\">EFFE<\/mark><\/h2>\n\n\n\n<h3 class=\"wp-block-heading has-titolo-medio-font-size\">VOICE<\/h3>\n\n\n\n<p class=\"\">Chiara Effe \u00e8 una cantante e chitarrista italiana, laureata nel 2006 in \u201cPopular Music and Recording\u201d presso l\u2019universit\u00e0 di Salford, Manchester, UK. Collabora con band blues e pop, sia in elettrico che in acustico. Dal 2019 \u00e8 nel team \u201cRock Your Team\u201d, coinvolgendo con la passione ed energia i nostri clienti ed ispirandoli ad esprimersi con la loro vera voce.<\/p>\n\n\n\n<ul class=\"wp-block-social-links has-icon-color is-style-logos-only is-layout-flex wp-block-social-links-is-layout-flex\"><li style=\"color:#efaf00;\" class=\"wp-social-link wp-social-link-linkedin has-custom-quattro-color wp-block-social-link\"><a rel=\"noopener nofollow\" target=\"_blank\" href=\"https:\/\/www.linkedin.com\/in\/chiara-fratus-8502801b\/\" class=\"wp-block-social-link-anchor\"><svg width=\"24\" height=\"24\" viewBox=\"0 0 24 24\" version=\"1.1\" xmlns=\"http:\/\/www.w3.org\/2000\/svg\" aria-hidden=\"true\" focusable=\"false\"><path d=\"M19.7,3H4.3C3.582,3,3,3.582,3,4.3v15.4C3,20.418,3.582,21,4.3,21h15.4c0.718,0,1.3-0.582,1.3-1.3V4.3 C21,3.582,20.418,3,19.7,3z M8.339,18.338H5.667v-8.59h2.672V18.338z M7.004,8.574c-0.857,0-1.549-0.694-1.549-1.548 c0-0.855,0.691-1.548,1.549-1.548c0.854,0,1.547,0.694,1.547,1.548C8.551,7.881,7.858,8.574,7.004,8.574z M18.339,18.338h-2.669 v-4.177c0-0.996-0.017-2.278-1.387-2.278c-1.389,0-1.601,1.086-1.601,2.206v4.249h-2.667v-8.59h2.559v1.174h0.037 c0.356-0.675,1.227-1.387,2.526-1.387c2.703,0,3.203,1.779,3.203,4.092V18.338z\"><\/path><\/svg><span class=\"wp-block-social-link-label screen-reader-text\">LinkedIn<\/span><\/a><\/li><\/ul>\n<\/div>\n\n\n\n<div class=\"wp-block-column is-vertically-aligned-center is-layout-flow wp-block-column-is-layout-flow\">\n<figure class=\"wp-block-image aligncenter size-full is-resized is-style-width-100\"><img loading=\"lazy\" decoding=\"async\" width=\"1426\" height=\"1584\" src=\"https:\/\/www.rock-your-team.ch\/wp-content\/uploads\/2024\/12\/Raggruppa-6665.png\" alt=\"\" class=\"wp-image-1146\" style=\"aspect-ratio:3\/4;object-fit:cover;width:400px\" srcset=\"https:\/\/www.rock-your-team.ch\/wp-content\/uploads\/2024\/12\/Raggruppa-6665.png 1426w, https:\/\/www.rock-your-team.ch\/wp-content\/uploads\/2024\/12\/Raggruppa-6665-270x300.png 270w, https:\/\/www.rock-your-team.ch\/wp-content\/uploads\/2024\/12\/Raggruppa-6665-922x1024.png 922w, https:\/\/www.rock-your-team.ch\/wp-content\/uploads\/2024\/12\/Raggruppa-6665-768x853.png 768w, https:\/\/www.rock-your-team.ch\/wp-content\/uploads\/2024\/12\/Raggruppa-6665-1383x1536.png 1383w\" sizes=\"auto, (max-width: 1426px) 100vw, 1426px\" \/><\/figure>\n\n\n\n<div style=\"height:4vh\" aria-hidden=\"true\" class=\"wp-block-spacer\"><\/div>\n<\/div>\n<\/div>\n<\/div>\n\n\n\n<div class=\"wp-block-group has-global-padding is-layout-constrained wp-container-core-group-is-layout-7db9d80f wp-block-group-is-layout-constrained\" style=\"padding-right:0;padding-left:0\">\n<figure class=\"wp-block-image aligncenter size-full\"><img loading=\"lazy\" decoding=\"async\" width=\"1024\" height=\"527\" src=\"https:\/\/www.rock-your-team.ch\/wp-content\/uploads\/2025\/01\/fu6mtpy0mq7bo4qesomvo.jpg\" alt=\"\" class=\"wp-image-2281\" srcset=\"https:\/\/www.rock-your-team.ch\/wp-content\/uploads\/2025\/01\/fu6mtpy0mq7bo4qesomvo.jpg 1024w, https:\/\/www.rock-your-team.ch\/wp-content\/uploads\/2025\/01\/fu6mtpy0mq7bo4qesomvo-300x154.jpg 300w, https:\/\/www.rock-your-team.ch\/wp-content\/uploads\/2025\/01\/fu6mtpy0mq7bo4qesomvo-768x395.jpg 768w\" sizes=\"auto, (max-width: 1024px) 100vw, 1024px\" \/><\/figure>\n<\/div>\n","protected":false},"excerpt":{"rendered":"<p>SANDROSCHNEEBELI GUITAR | CO-IDEATORE DI ROCK YOUR TEAM Sandro Schneebeli \u00e8 chitarrista, compositore e produttore. Ha suonato in tutto il mondo portando la sua musica a vari festival internazionali rappresentando la Svizzera in collaborazione con le Ambasciate Elvetiche. Ha prodotto pi\u00f9 di 20 CD e creato musica per teatro e documentari. \u00c8 stato nominato per [&hellip;]<\/p>\n","protected":false},"author":1,"featured_media":2182,"parent":0,"menu_order":0,"comment_status":"closed","ping_status":"closed","template":"","meta":{"footnotes":""},"class_list":["post-39","page","type-page","status-publish","has-post-thumbnail","hentry"],"yoast_head":"<!-- This site is optimized with the Yoast SEO plugin v27.5 - https:\/\/yoast.com\/product\/yoast-seo-wordpress\/ -->\n<title>Chi siamo - Rock Your Team<\/title>\n<meta name=\"robots\" content=\"index, follow, max-snippet:-1, max-image-preview:large, max-video-preview:-1\" \/>\n<link rel=\"canonical\" href=\"https:\/\/www.rock-your-team.ch\/it\/chi-siamo\/\" \/>\n<meta property=\"og:locale\" content=\"it_IT\" \/>\n<meta property=\"og:type\" content=\"article\" \/>\n<meta property=\"og:title\" content=\"Chi siamo - Rock Your Team\" \/>\n<meta property=\"og:description\" content=\"SANDROSCHNEEBELI GUITAR | CO-IDEATORE DI ROCK YOUR TEAM Sandro Schneebeli \u00e8 chitarrista, compositore e produttore. Ha suonato in tutto il mondo portando la sua musica a vari festival internazionali rappresentando la Svizzera in collaborazione con le Ambasciate Elvetiche. Ha prodotto pi\u00f9 di 20 CD e creato musica per teatro e documentari. \u00c8 stato nominato per [&hellip;]\" \/>\n<meta property=\"og:url\" content=\"https:\/\/www.rock-your-team.ch\/it\/chi-siamo\/\" \/>\n<meta property=\"og:site_name\" content=\"Rock Your Team\" \/>\n<meta property=\"article:modified_time\" content=\"2025-01-22T10:42:26+00:00\" \/>\n<meta property=\"og:image\" content=\"https:\/\/www.rock-your-team.ch\/wp-content\/uploads\/2025\/01\/Chi-siamo-team-scaled.jpg\" \/>\n\t<meta property=\"og:image:width\" content=\"2560\" \/>\n\t<meta property=\"og:image:height\" content=\"1253\" \/>\n\t<meta property=\"og:image:type\" content=\"image\/jpeg\" \/>\n<meta name=\"twitter:card\" content=\"summary_large_image\" \/>\n<meta name=\"twitter:label1\" content=\"Tempo di lettura stimato\" \/>\n\t<meta name=\"twitter:data1\" content=\"4 minuti\" \/>\n<script type=\"application\/ld+json\" class=\"yoast-schema-graph\">{\"@context\":\"https:\\\/\\\/schema.org\",\"@graph\":[{\"@type\":\"WebPage\",\"@id\":\"https:\\\/\\\/www.rock-your-team.ch\\\/it\\\/chi-siamo\\\/\",\"url\":\"https:\\\/\\\/www.rock-your-team.ch\\\/it\\\/chi-siamo\\\/\",\"name\":\"Chi siamo - Rock Your Team\",\"isPartOf\":{\"@id\":\"https:\\\/\\\/www.rock-your-team.ch\\\/#website\"},\"primaryImageOfPage\":{\"@id\":\"https:\\\/\\\/www.rock-your-team.ch\\\/it\\\/chi-siamo\\\/#primaryimage\"},\"image\":{\"@id\":\"https:\\\/\\\/www.rock-your-team.ch\\\/it\\\/chi-siamo\\\/#primaryimage\"},\"thumbnailUrl\":\"https:\\\/\\\/www.rock-your-team.ch\\\/wp-content\\\/uploads\\\/2025\\\/01\\\/Chi-siamo-team-scaled.jpg\",\"datePublished\":\"2024-11-15T08:03:33+00:00\",\"dateModified\":\"2025-01-22T10:42:26+00:00\",\"breadcrumb\":{\"@id\":\"https:\\\/\\\/www.rock-your-team.ch\\\/it\\\/chi-siamo\\\/#breadcrumb\"},\"inLanguage\":\"it-IT\",\"potentialAction\":[{\"@type\":\"ReadAction\",\"target\":[\"https:\\\/\\\/www.rock-your-team.ch\\\/it\\\/chi-siamo\\\/\"]}]},{\"@type\":\"ImageObject\",\"inLanguage\":\"it-IT\",\"@id\":\"https:\\\/\\\/www.rock-your-team.ch\\\/it\\\/chi-siamo\\\/#primaryimage\",\"url\":\"https:\\\/\\\/www.rock-your-team.ch\\\/wp-content\\\/uploads\\\/2025\\\/01\\\/Chi-siamo-team-scaled.jpg\",\"contentUrl\":\"https:\\\/\\\/www.rock-your-team.ch\\\/wp-content\\\/uploads\\\/2025\\\/01\\\/Chi-siamo-team-scaled.jpg\",\"width\":2560,\"height\":1253},{\"@type\":\"BreadcrumbList\",\"@id\":\"https:\\\/\\\/www.rock-your-team.ch\\\/it\\\/chi-siamo\\\/#breadcrumb\",\"itemListElement\":[{\"@type\":\"ListItem\",\"position\":1,\"name\":\"Home\",\"item\":\"https:\\\/\\\/www.rock-your-team.ch\\\/it\\\/\"},{\"@type\":\"ListItem\",\"position\":2,\"name\":\"Chi siamo\"}]},{\"@type\":\"WebSite\",\"@id\":\"https:\\\/\\\/www.rock-your-team.ch\\\/#website\",\"url\":\"https:\\\/\\\/www.rock-your-team.ch\\\/\",\"name\":\"Rock Your Team\",\"description\":\"IL TEAM BUILDING PI\u00d9 ROCK DI SEMPRE\",\"publisher\":{\"@id\":\"https:\\\/\\\/www.rock-your-team.ch\\\/#organization\"},\"potentialAction\":[{\"@type\":\"SearchAction\",\"target\":{\"@type\":\"EntryPoint\",\"urlTemplate\":\"https:\\\/\\\/www.rock-your-team.ch\\\/?s={search_term_string}\"},\"query-input\":{\"@type\":\"PropertyValueSpecification\",\"valueRequired\":true,\"valueName\":\"search_term_string\"}}],\"inLanguage\":\"it-IT\"},{\"@type\":\"Organization\",\"@id\":\"https:\\\/\\\/www.rock-your-team.ch\\\/#organization\",\"name\":\"Rock Your Team\",\"url\":\"https:\\\/\\\/www.rock-your-team.ch\\\/\",\"logo\":{\"@type\":\"ImageObject\",\"inLanguage\":\"it-IT\",\"@id\":\"https:\\\/\\\/www.rock-your-team.ch\\\/#\\\/schema\\\/logo\\\/image\\\/\",\"url\":\"https:\\\/\\\/www.rock-your-team.ch\\\/wp-content\\\/uploads\\\/2024\\\/12\\\/logo-rock-your-team.svg\",\"contentUrl\":\"https:\\\/\\\/www.rock-your-team.ch\\\/wp-content\\\/uploads\\\/2024\\\/12\\\/logo-rock-your-team.svg\",\"caption\":\"Rock Your Team\"},\"image\":{\"@id\":\"https:\\\/\\\/www.rock-your-team.ch\\\/#\\\/schema\\\/logo\\\/image\\\/\"},\"sameAs\":[\"https:\\\/\\\/www.instagram.com\\\/rock_your_team\\\/\",\"https:\\\/\\\/www.linkedin.com\\\/company\\\/rock-your-team\\\/\"]}]}<\/script>\n<!-- \/ Yoast SEO plugin. -->","yoast_head_json":{"title":"Chi siamo - Rock Your Team","robots":{"index":"index","follow":"follow","max-snippet":"max-snippet:-1","max-image-preview":"max-image-preview:large","max-video-preview":"max-video-preview:-1"},"canonical":"https:\/\/www.rock-your-team.ch\/it\/chi-siamo\/","og_locale":"it_IT","og_type":"article","og_title":"Chi siamo - Rock Your Team","og_description":"SANDROSCHNEEBELI GUITAR | CO-IDEATORE DI ROCK YOUR TEAM Sandro Schneebeli \u00e8 chitarrista, compositore e produttore. Ha suonato in tutto il mondo portando la sua musica a vari festival internazionali rappresentando la Svizzera in collaborazione con le Ambasciate Elvetiche. Ha prodotto pi\u00f9 di 20 CD e creato musica per teatro e documentari. \u00c8 stato nominato per [&hellip;]","og_url":"https:\/\/www.rock-your-team.ch\/it\/chi-siamo\/","og_site_name":"Rock Your Team","article_modified_time":"2025-01-22T10:42:26+00:00","og_image":[{"width":2560,"height":1253,"url":"https:\/\/www.rock-your-team.ch\/wp-content\/uploads\/2025\/01\/Chi-siamo-team-scaled.jpg","type":"image\/jpeg"}],"twitter_card":"summary_large_image","twitter_misc":{"Tempo di lettura stimato":"4 minuti"},"schema":{"@context":"https:\/\/schema.org","@graph":[{"@type":"WebPage","@id":"https:\/\/www.rock-your-team.ch\/it\/chi-siamo\/","url":"https:\/\/www.rock-your-team.ch\/it\/chi-siamo\/","name":"Chi siamo - Rock Your Team","isPartOf":{"@id":"https:\/\/www.rock-your-team.ch\/#website"},"primaryImageOfPage":{"@id":"https:\/\/www.rock-your-team.ch\/it\/chi-siamo\/#primaryimage"},"image":{"@id":"https:\/\/www.rock-your-team.ch\/it\/chi-siamo\/#primaryimage"},"thumbnailUrl":"https:\/\/www.rock-your-team.ch\/wp-content\/uploads\/2025\/01\/Chi-siamo-team-scaled.jpg","datePublished":"2024-11-15T08:03:33+00:00","dateModified":"2025-01-22T10:42:26+00:00","breadcrumb":{"@id":"https:\/\/www.rock-your-team.ch\/it\/chi-siamo\/#breadcrumb"},"inLanguage":"it-IT","potentialAction":[{"@type":"ReadAction","target":["https:\/\/www.rock-your-team.ch\/it\/chi-siamo\/"]}]},{"@type":"ImageObject","inLanguage":"it-IT","@id":"https:\/\/www.rock-your-team.ch\/it\/chi-siamo\/#primaryimage","url":"https:\/\/www.rock-your-team.ch\/wp-content\/uploads\/2025\/01\/Chi-siamo-team-scaled.jpg","contentUrl":"https:\/\/www.rock-your-team.ch\/wp-content\/uploads\/2025\/01\/Chi-siamo-team-scaled.jpg","width":2560,"height":1253},{"@type":"BreadcrumbList","@id":"https:\/\/www.rock-your-team.ch\/it\/chi-siamo\/#breadcrumb","itemListElement":[{"@type":"ListItem","position":1,"name":"Home","item":"https:\/\/www.rock-your-team.ch\/it\/"},{"@type":"ListItem","position":2,"name":"Chi siamo"}]},{"@type":"WebSite","@id":"https:\/\/www.rock-your-team.ch\/#website","url":"https:\/\/www.rock-your-team.ch\/","name":"Rock Your Team","description":"IL TEAM BUILDING PI\u00d9 ROCK DI SEMPRE","publisher":{"@id":"https:\/\/www.rock-your-team.ch\/#organization"},"potentialAction":[{"@type":"SearchAction","target":{"@type":"EntryPoint","urlTemplate":"https:\/\/www.rock-your-team.ch\/?s={search_term_string}"},"query-input":{"@type":"PropertyValueSpecification","valueRequired":true,"valueName":"search_term_string"}}],"inLanguage":"it-IT"},{"@type":"Organization","@id":"https:\/\/www.rock-your-team.ch\/#organization","name":"Rock Your Team","url":"https:\/\/www.rock-your-team.ch\/","logo":{"@type":"ImageObject","inLanguage":"it-IT","@id":"https:\/\/www.rock-your-team.ch\/#\/schema\/logo\/image\/","url":"https:\/\/www.rock-your-team.ch\/wp-content\/uploads\/2024\/12\/logo-rock-your-team.svg","contentUrl":"https:\/\/www.rock-your-team.ch\/wp-content\/uploads\/2024\/12\/logo-rock-your-team.svg","caption":"Rock Your Team"},"image":{"@id":"https:\/\/www.rock-your-team.ch\/#\/schema\/logo\/image\/"},"sameAs":["https:\/\/www.instagram.com\/rock_your_team\/","https:\/\/www.linkedin.com\/company\/rock-your-team\/"]}]}},"_links":{"self":[{"href":"https:\/\/www.rock-your-team.ch\/it\/wp-json\/wp\/v2\/pages\/39","targetHints":{"allow":["GET"]}}],"collection":[{"href":"https:\/\/www.rock-your-team.ch\/it\/wp-json\/wp\/v2\/pages"}],"about":[{"href":"https:\/\/www.rock-your-team.ch\/it\/wp-json\/wp\/v2\/types\/page"}],"author":[{"embeddable":true,"href":"https:\/\/www.rock-your-team.ch\/it\/wp-json\/wp\/v2\/users\/1"}],"replies":[{"embeddable":true,"href":"https:\/\/www.rock-your-team.ch\/it\/wp-json\/wp\/v2\/comments?post=39"}],"version-history":[{"count":89,"href":"https:\/\/www.rock-your-team.ch\/it\/wp-json\/wp\/v2\/pages\/39\/revisions"}],"predecessor-version":[{"id":2391,"href":"https:\/\/www.rock-your-team.ch\/it\/wp-json\/wp\/v2\/pages\/39\/revisions\/2391"}],"wp:featuredmedia":[{"embeddable":true,"href":"https:\/\/www.rock-your-team.ch\/it\/wp-json\/wp\/v2\/media\/2182"}],"wp:attachment":[{"href":"https:\/\/www.rock-your-team.ch\/it\/wp-json\/wp\/v2\/media?parent=39"}],"curies":[{"name":"wp","href":"https:\/\/api.w.org\/{rel}","templated":true}]}}